{"id":158,"date":"2019-01-09T07:57:37","date_gmt":"2019-01-09T09:57:37","guid":{"rendered":"http:\/\/construdaher.com.br\/index.php\/about\/"},"modified":"2023-12-14T12:45:08","modified_gmt":"2023-12-14T15:45:08","slug":"about","status":"publish","type":"page","link":"https:\/\/construdaher.com.br\/index.php\/about\/","title":{"rendered":"Sobre N\u00f3s"},"content":{"rendered":"\t\t<div data-elementor-type=\"wp-post\" data-elementor-id=\"158\" class=\"elementor elementor-158\" data-elementor-post-type=\"page\">\n\t\t\t\t\t\t<section class=\"elementor-section elementor-top-section elementor-element elementor-element-72dc777 elementor-reverse-tablet elementor-reverse-mobile elementor-section-boxed elementor-section-height-default elementor-section-height-default\" data-id=\"72dc777\" data-element_type=\"section\">\n\t\t\t\t\t\t<div class=\"elementor-container elementor-column-gap-no\">\n\t\t\t\t\t<div class=\"aux-parallax-section elementor-column elementor-col-50 elementor-top-column elementor-element elementor-element-420852e\" data-id=\"420852e\" data-element_type=\"column\">\n\t\t\t<div class=\"elementor-widget-wrap elementor-element-populated\">\n\t\t\t\t\t\t<div class=\"elementor-element elementor-element-e56b624 aux-appear-watch-animation aux-fade-in-up elementor-widget elementor-widget-aux_modern_heading\" data-id=\"e56b624\" data-element_type=\"widget\" data-widget_type=\"aux_modern_heading.default\">\n\t\t\t\t<div class=\"elementor-widget-container\">\n\t\t\t<section class=\"aux-widget-modern-heading\">\n            <div class=\"aux-widget-inner\"><div class=\"aux-modern-heading-divider\"><\/div><h6 class=\"aux-modern-heading-primary\">Construdaher<\/h6><h6 class=\"aux-modern-heading-secondary\"><span class=\"aux-head-before\">\"A Excel\u00eancia da Qualidade na Execu\u00e7\u00e3o dos Servi\u00e7os \u00e9 a Nossa <\/span><span class=\"aux-head-highlight\">Garantia<\/span><span class=\"aux-head-after\">\"<\/span><\/h6><div class=\"aux-modern-heading-description\"><p>O objetivo da Construdaher \u00e9 atender os mercados p\u00fablicos e privados. Estamos preparados para fornecer toda a assist\u00eancia necess\u00e1ria desde a elabora\u00e7\u00e3o de projeto a orienta\u00e7\u00e3o t\u00e9cnica e execu\u00e7\u00e3o dos servi\u00e7os e obras.<\/p><p><br \/>A experi\u00eancia t\u00e9cnica-profissional acumulada at\u00e9 o presente momento deriva do sucesso de comercializa\u00e7\u00e3o respaldado pela credibilidade e apoio dos \u00f3rg\u00e3os de administra\u00e7\u00e3o p\u00fablica e privado. Esta credibilidade \u00e9 o resultado da qualidade dos servi\u00e7os j\u00e1 prestados no ramo da constru\u00e7\u00e3o civil.<\/p><\/div><\/div>\n        <\/section>\t\t<\/div>\n\t\t\t\t<\/div>\n\t\t\t\t<div class=\"elementor-element elementor-element-2ece511 aux-appear-watch-animation aux-fade-in-up elementor-widget elementor-widget-text-editor\" data-id=\"2ece511\" data-element_type=\"widget\" data-widget_type=\"text-editor.default\">\n\t\t\t\t<div class=\"elementor-widget-container\">\n\t\t\t\t\t\t\t<p>Com esta filosofia de trabalho, voltada aos interesses de nossos clientes, \u00e9 que esperamos conquistar tamb\u00e9m a sua prefer\u00eancia.<\/p>\t\t\t\t\t\t<\/div>\n\t\t\t\t<\/div>\n\t\t\t\t\t<\/div>\n\t\t<\/div>\n\t\t\t\t<div class=\"aux-parallax-section elementor-column elementor-col-25 elementor-top-column elementor-element elementor-element-126a4d5\" data-id=\"126a4d5\" data-element_type=\"column\">\n\t\t\t<div class=\"elementor-widget-wrap elementor-element-populated\">\n\t\t\t\t\t\t<div class=\"aux-scroll-anim elementor-element elementor-element-9d9fd6b aux-appear-watch-animation aux-mask-from-top elementor-widget elementor-widget-aux_image\" data-move-in=\"\" data-move-out=\"moveVertical\" data-axis-x=\"200\" data-axis-y=\"40\" data-rotate=\"90\" data-scale=\"1\" data-vp-top=\"0.5\" data-vp-bot=\"0.5\" data-el-top=\"0.2\" data-scroll-animation-off=\"1024\" data-id=\"9d9fd6b\" data-element_type=\"widget\" data-widget_type=\"aux_image.default\">\n\t\t\t\t<div class=\"elementor-widget-container\">\n\t\t\t<section class=\"widget-container aux-widget-image aux-alignnone aux-parent-aua18b5e98\">\n    <div class=\"aux-media-hint-frame \">\n        <div class=\"aux-media-image \" >\n        \n            \n\n            \n            <img fetchpriority=\"high\" decoding=\"async\" width=\"966\" height=\"1288\" src=\"image\/gif;base64,R0lGODlhAQABAIAAAAAAAP\/\/\/yH5BAEAAAAALAAAAAABAAEAAAIBRAA7\" class=\"aux-attachment aux-featured-image aux-attachment-id-547 aux-preload aux-blank\" alt=\"WhatsApp-Image-2023-08-04-at-11.34.38-1\" data-ratio=\"0.75\" data-original-w=\"966\" data-src=\"https:\/\/construdaher.com.br\/wp-content\/uploads\/2023\/09\/WhatsApp-Image-2023-08-04-at-11.34.38-1.jpeg\" \/>            \n                <\/div>\n    <\/div>\n\n<\/section><!-- widget-container -->\t\t<\/div>\n\t\t\t\t<\/div>\n\t\t\t\t\t<\/div>\n\t\t<\/div>\n\t\t\t\t<div class=\"aux-parallax-section elementor-column elementor-col-25 elementor-top-column elementor-element elementor-element-f38f3eb\" data-id=\"f38f3eb\" data-element_type=\"column\">\n\t\t\t<div class=\"elementor-widget-wrap elementor-element-populated\">\n\t\t\t\t\t\t<div class=\"aux-scroll-anim elementor-element elementor-element-b95d427 aux-appear-watch-animation aux-mask-from-top elementor-widget elementor-widget-aux_image\" data-move-in=\"\" data-move-out=\"moveVertical\" data-axis-x=\"200\" data-axis-y=\"40\" data-rotate=\"90\" data-scale=\"1\" data-vp-top=\"0.5\" data-vp-bot=\"0.5\" data-el-top=\"0.2\" data-scroll-animation-off=\"1024\" data-id=\"b95d427\" data-element_type=\"widget\" data-widget_type=\"aux_image.default\">\n\t\t\t\t<div class=\"elementor-widget-container\">\n\t\t\t<section class=\"widget-container aux-widget-image aux-alignnone aux-parent-audbc06c3d\">\n    <div class=\"aux-media-hint-frame \">\n        <div class=\"aux-media-image \" >\n        \n            \n\n            \n            <img decoding=\"async\" width=\"2560\" height=\"1920\" src=\"image\/gif;base64,R0lGODlhAQABAIAAAAAAAP\/\/\/yH5BAEAAAAALAAAAAABAAEAAAIBRAA7\" class=\"aux-attachment aux-featured-image aux-attachment-id-513 aux-preload aux-blank\" alt=\"IMG_20180322_115824649\" data-ratio=\"1.33\" data-original-w=\"2560\" data-src=\"https:\/\/construdaher.com.br\/wp-content\/uploads\/2023\/09\/IMG_20180322_115824649-scaled.jpg\" \/>            \n                <\/div>\n    <\/div>\n\n<\/section><!-- widget-container -->\t\t<\/div>\n\t\t\t\t<\/div>\n\t\t\t\t\t<\/div>\n\t\t<\/div>\n\t\t\t\t\t<\/div>\n\t\t<\/section>\n\t\t\t\t<section class=\"elementor-section elementor-top-section elementor-element elementor-element-99b6101 elementor-section-boxed elementor-section-height-default elementor-section-height-default\" data-id=\"99b6101\" data-element_type=\"section\">\n\t\t\t\t\t\t<div class=\"elementor-container elementor-column-gap-no\">\n\t\t\t\t\t<div class=\"aux-parallax-section elementor-column elementor-col-33 elementor-top-column elementor-element elementor-element-cf63b37\" data-id=\"cf63b37\" data-element_type=\"column\">\n\t\t\t<div class=\"elementor-widget-wrap elementor-element-populated\">\n\t\t\t\t\t\t<div class=\"elementor-element elementor-element-f0411e4 aux-appear-watch-animation aux-fade-in-right elementor-widget elementor-widget-aux_modern_heading\" data-id=\"f0411e4\" data-element_type=\"widget\" data-widget_type=\"aux_modern_heading.default\">\n\t\t\t\t<div class=\"elementor-widget-container\">\n\t\t\t<section class=\"aux-widget-modern-heading\">\n            <div class=\"aux-widget-inner\"><div class=\"aux-modern-heading-divider\"><\/div><h6 class=\"aux-modern-heading-primary\">Clientes<\/h6><h6 class=\"aux-modern-heading-secondary\"><span class=\"aux-head-before\">Empresas<\/span><\/h6><div class=\"aux-modern-heading-description\"><p>Nossa empresa de constru\u00e7\u00e3o tem o prazer de ter servido uma ampla gama de clientes em diversas \u00e1reas de atua\u00e7\u00e3o. Desde empresas de pequeno porte at\u00e9 grandes corpora\u00e7\u00f5es, todos receberam a mesma aten\u00e7\u00e3o cuidadosa que \u00e9 a marca registrada dos nossos servi\u00e7os.<\/p><\/div><\/div>\n        <\/section>\t\t<\/div>\n\t\t\t\t<\/div>\n\t\t\t\t<div class=\"elementor-element elementor-element-f791aa5 aux-appear-watch-animation aux-fade-in-up elementor-widget elementor-widget-text-editor\" data-id=\"f791aa5\" data-element_type=\"widget\" data-widget_type=\"text-editor.default\">\n\t\t\t\t<div class=\"elementor-widget-container\">\n\t\t\t\t\t\t\t<p>Independentemente do tamanho ou da complexidade do projeto, trabalhamos de perto com nossos clientes para entender suas necessidades e fornecer solu\u00e7\u00f5es personalizadas que atendam \u00e0s suas expectativas.<\/p>\t\t\t\t\t\t<\/div>\n\t\t\t\t<\/div>\n\t\t\t\t\t<\/div>\n\t\t<\/div>\n\t\t\t\t<div class=\"aux-parallax-section elementor-column elementor-col-66 elementor-top-column elementor-element elementor-element-6531226\" data-id=\"6531226\" data-element_type=\"column\">\n\t\t\t<div class=\"elementor-widget-wrap elementor-element-populated\">\n\t\t\t\t\t\t<div class=\"aux-scroll-anim elementor-element elementor-element-6391620 aux-appear-watch-animation aux-mask-from-top elementor-widget elementor-widget-aux_image\" data-move-in=\"\" data-move-out=\"moveVertical\" data-axis-x=\"200\" data-axis-y=\"40\" data-rotate=\"90\" data-scale=\"1\" data-vp-top=\"0.5\" data-vp-bot=\"0.5\" data-el-top=\"0.2\" data-scroll-animation-off=\"1024\" data-id=\"6391620\" data-element_type=\"widget\" data-widget_type=\"aux_image.default\">\n\t\t\t\t<div class=\"elementor-widget-container\">\n\t\t\t<section class=\"widget-container aux-widget-image aux-alignnone aux-parent-au41a4d46a\">\n    <div class=\"aux-media-hint-frame \">\n        <div class=\"aux-media-image \" >\n        \n            \n\n            \n            <img decoding=\"async\" width=\"2560\" height=\"1440\" src=\"image\/gif;base64,R0lGODlhAQABAIAAAAAAAP\/\/\/yH5BAEAAAAALAAAAAABAAEAAAIBRAA7\" class=\"aux-attachment aux-featured-image aux-attachment-id-501 aux-preload aux-blank\" alt=\"IMG_20220209_092818549_HDR\" data-ratio=\"1.78\" data-original-w=\"2560\" data-src=\"https:\/\/construdaher.com.br\/wp-content\/uploads\/2023\/09\/IMG_20220209_092818549_HDR-scaled.jpg\" \/>            \n                <\/div>\n    <\/div>\n\n<\/section><!-- widget-container -->\t\t<\/div>\n\t\t\t\t<\/div>\n\t\t\t\t\t<\/div>\n\t\t<\/div>\n\t\t\t\t\t<\/div>\n\t\t<\/section>\n\t\t\t\t<\/div>\n\t\t","protected":false},"excerpt":{"rendered":"<p>Construdaher &#8220;A Excel\u00eancia da Qualidade na Execu\u00e7\u00e3o dos Servi\u00e7os \u00e9 a Nossa Garantia&#8221; O objetivo da Construdaher \u00e9 atender os mercados p\u00fablicos e privados. Estamos preparados para fornecer toda a assist\u00eancia necess\u00e1ria desde a elabora\u00e7\u00e3o de projeto a orienta\u00e7\u00e3o t\u00e9cnica e execu\u00e7\u00e3o dos servi\u00e7os e obras. A experi\u00eancia t\u00e9cnica-profissional acumulada at\u00e9 o presente momento deriva [&hellip;]<\/p>\n","protected":false},"author":1,"featured_media":0,"parent":0,"menu_order":0,"comment_status":"closed","ping_status":"closed","template":"","meta":{"inline_featured_image":false,"footnotes":""},"class_list":["post-158","page","type-page","status-publish","hentry"],"yoast_head":"<!-- This site is optimized with the Yoast SEO plugin v23.1 - https:\/\/yoast.com\/wordpress\/plugins\/seo\/ -->\n<title>Sobre N\u00f3s - Construdaher<\/title>\n<meta name=\"robots\" content=\"index, follow, max-snippet:-1, max-image-preview:large, max-video-preview:-1\" \/>\n<link rel=\"canonical\" href=\"https:\/\/construdaher.com.br\/index.php\/about\/\" \/>\n<meta property=\"og:locale\" content=\"pt_BR\" \/>\n<meta property=\"og:type\" content=\"article\" \/>\n<meta property=\"og:title\" content=\"Sobre N\u00f3s - Construdaher\" \/>\n<meta property=\"og:description\" content=\"Construdaher &#8220;A Excel\u00eancia da Qualidade na Execu\u00e7\u00e3o dos Servi\u00e7os \u00e9 a Nossa Garantia&#8221; O objetivo da Construdaher \u00e9 atender os mercados p\u00fablicos e privados. Estamos preparados para fornecer toda a assist\u00eancia necess\u00e1ria desde a elabora\u00e7\u00e3o de projeto a orienta\u00e7\u00e3o t\u00e9cnica e execu\u00e7\u00e3o dos servi\u00e7os e obras. A experi\u00eancia t\u00e9cnica-profissional acumulada at\u00e9 o presente momento deriva [&hellip;]\" \/>\n<meta property=\"og:url\" content=\"https:\/\/construdaher.com.br\/index.php\/about\/\" \/>\n<meta property=\"og:site_name\" content=\"Construdaher\" \/>\n<meta property=\"article:modified_time\" content=\"2023-12-14T15:45:08+00:00\" \/>\n<meta name=\"twitter:card\" content=\"summary_large_image\" \/>\n<meta name=\"twitter:label1\" content=\"Est. tempo de leitura\" \/>\n\t<meta name=\"twitter:data1\" content=\"1 minuto\" \/>\n<script type=\"application\/ld+json\" class=\"yoast-schema-graph\">{\"@context\":\"https:\/\/schema.org\",\"@graph\":[{\"@type\":\"WebPage\",\"@id\":\"https:\/\/construdaher.com.br\/index.php\/about\/\",\"url\":\"https:\/\/construdaher.com.br\/index.php\/about\/\",\"name\":\"Sobre N\u00f3s - Construdaher\",\"isPartOf\":{\"@id\":\"https:\/\/construdaher.com.br\/#website\"},\"datePublished\":\"2019-01-09T09:57:37+00:00\",\"dateModified\":\"2023-12-14T15:45:08+00:00\",\"breadcrumb\":{\"@id\":\"https:\/\/construdaher.com.br\/index.php\/about\/#breadcrumb\"},\"inLanguage\":\"pt-BR\",\"potentialAction\":[{\"@type\":\"ReadAction\",\"target\":[\"https:\/\/construdaher.com.br\/index.php\/about\/\"]}]},{\"@type\":\"BreadcrumbList\",\"@id\":\"https:\/\/construdaher.com.br\/index.php\/about\/#breadcrumb\",\"itemListElement\":[{\"@type\":\"ListItem\",\"position\":1,\"name\":\"In\u00edcio\",\"item\":\"https:\/\/construdaher.com.br\/\"},{\"@type\":\"ListItem\",\"position\":2,\"name\":\"Sobre N\u00f3s\"}]},{\"@type\":\"WebSite\",\"@id\":\"https:\/\/construdaher.com.br\/#website\",\"url\":\"https:\/\/construdaher.com.br\/\",\"name\":\"Construdaher\",\"description\":\"Yet another awesome website by Phlox theme.\",\"publisher\":{\"@id\":\"https:\/\/construdaher.com.br\/#organization\"},\"potentialAction\":[{\"@type\":\"SearchAction\",\"target\":{\"@type\":\"EntryPoint\",\"urlTemplate\":\"https:\/\/construdaher.com.br\/?s={search_term_string}\"},\"query-input\":\"required name=search_term_string\"}],\"inLanguage\":\"pt-BR\"},{\"@type\":\"Organization\",\"@id\":\"https:\/\/construdaher.com.br\/#organization\",\"name\":\"Construdaher\",\"url\":\"https:\/\/construdaher.com.br\/\",\"logo\":{\"@type\":\"ImageObject\",\"inLanguage\":\"pt-BR\",\"@id\":\"https:\/\/construdaher.com.br\/#\/schema\/logo\/image\/\",\"url\":\"https:\/\/construdaher.com.br\/wp-content\/uploads\/2025\/05\/logo-novo.png\",\"contentUrl\":\"https:\/\/construdaher.com.br\/wp-content\/uploads\/2025\/05\/logo-novo.png\",\"width\":151,\"height\":36,\"caption\":\"Construdaher\"},\"image\":{\"@id\":\"https:\/\/construdaher.com.br\/#\/schema\/logo\/image\/\"}}]}<\/script>\n<!-- \/ Yoast SEO plugin. -->","yoast_head_json":{"title":"Sobre N\u00f3s - Construdaher","robots":{"index":"index","follow":"follow","max-snippet":"max-snippet:-1","max-image-preview":"max-image-preview:large","max-video-preview":"max-video-preview:-1"},"canonical":"https:\/\/construdaher.com.br\/index.php\/about\/","og_locale":"pt_BR","og_type":"article","og_title":"Sobre N\u00f3s - Construdaher","og_description":"Construdaher &#8220;A Excel\u00eancia da Qualidade na Execu\u00e7\u00e3o dos Servi\u00e7os \u00e9 a Nossa Garantia&#8221; O objetivo da Construdaher \u00e9 atender os mercados p\u00fablicos e privados. Estamos preparados para fornecer toda a assist\u00eancia necess\u00e1ria desde a elabora\u00e7\u00e3o de projeto a orienta\u00e7\u00e3o t\u00e9cnica e execu\u00e7\u00e3o dos servi\u00e7os e obras. A experi\u00eancia t\u00e9cnica-profissional acumulada at\u00e9 o presente momento deriva [&hellip;]","og_url":"https:\/\/construdaher.com.br\/index.php\/about\/","og_site_name":"Construdaher","article_modified_time":"2023-12-14T15:45:08+00:00","twitter_card":"summary_large_image","twitter_misc":{"Est. tempo de leitura":"1 minuto"},"schema":{"@context":"https:\/\/schema.org","@graph":[{"@type":"WebPage","@id":"https:\/\/construdaher.com.br\/index.php\/about\/","url":"https:\/\/construdaher.com.br\/index.php\/about\/","name":"Sobre N\u00f3s - Construdaher","isPartOf":{"@id":"https:\/\/construdaher.com.br\/#website"},"datePublished":"2019-01-09T09:57:37+00:00","dateModified":"2023-12-14T15:45:08+00:00","breadcrumb":{"@id":"https:\/\/construdaher.com.br\/index.php\/about\/#breadcrumb"},"inLanguage":"pt-BR","potentialAction":[{"@type":"ReadAction","target":["https:\/\/construdaher.com.br\/index.php\/about\/"]}]},{"@type":"BreadcrumbList","@id":"https:\/\/construdaher.com.br\/index.php\/about\/#breadcrumb","itemListElement":[{"@type":"ListItem","position":1,"name":"In\u00edcio","item":"https:\/\/construdaher.com.br\/"},{"@type":"ListItem","position":2,"name":"Sobre N\u00f3s"}]},{"@type":"WebSite","@id":"https:\/\/construdaher.com.br\/#website","url":"https:\/\/construdaher.com.br\/","name":"Construdaher","description":"Yet another awesome website by Phlox theme.","publisher":{"@id":"https:\/\/construdaher.com.br\/#organization"},"potentialAction":[{"@type":"SearchAction","target":{"@type":"EntryPoint","urlTemplate":"https:\/\/construdaher.com.br\/?s={search_term_string}"},"query-input":"required name=search_term_string"}],"inLanguage":"pt-BR"},{"@type":"Organization","@id":"https:\/\/construdaher.com.br\/#organization","name":"Construdaher","url":"https:\/\/construdaher.com.br\/","logo":{"@type":"ImageObject","inLanguage":"pt-BR","@id":"https:\/\/construdaher.com.br\/#\/schema\/logo\/image\/","url":"https:\/\/construdaher.com.br\/wp-content\/uploads\/2025\/05\/logo-novo.png","contentUrl":"https:\/\/construdaher.com.br\/wp-content\/uploads\/2025\/05\/logo-novo.png","width":151,"height":36,"caption":"Construdaher"},"image":{"@id":"https:\/\/construdaher.com.br\/#\/schema\/logo\/image\/"}}]}},"_links":{"self":[{"href":"https:\/\/construdaher.com.br\/index.php\/wp-json\/wp\/v2\/pages\/158","targetHints":{"allow":["GET"]}}],"collection":[{"href":"https:\/\/construdaher.com.br\/index.php\/wp-json\/wp\/v2\/pages"}],"about":[{"href":"https:\/\/construdaher.com.br\/index.php\/wp-json\/wp\/v2\/types\/page"}],"author":[{"embeddable":true,"href":"https:\/\/construdaher.com.br\/index.php\/wp-json\/wp\/v2\/users\/1"}],"replies":[{"embeddable":true,"href":"https:\/\/construdaher.com.br\/index.php\/wp-json\/wp\/v2\/comments?post=158"}],"version-history":[{"count":13,"href":"https:\/\/construdaher.com.br\/index.php\/wp-json\/wp\/v2\/pages\/158\/revisions"}],"predecessor-version":[{"id":632,"href":"https:\/\/construdaher.com.br\/index.php\/wp-json\/wp\/v2\/pages\/158\/revisions\/632"}],"wp:attachment":[{"href":"https:\/\/construdaher.com.br\/index.php\/wp-json\/wp\/v2\/media?parent=158"}],"curies":[{"name":"wp","href":"https:\/\/api.w.org\/{rel}","templated":true}]}}